{"id":1849,"date":"2024-05-19T06:11:02","date_gmt":"2024-05-19T06:11:02","guid":{"rendered":"https:\/\/wp.peoplepath.com\/tilbayern\/?page_id=1849"},"modified":"2025-04-09T12:43:15","modified_gmt":"2025-04-09T11:43:15","slug":"registration-by","status":"publish","type":"page","link":"https:\/\/tilnetz.talentimland.de\/login\/registration-by\/","title":{"rendered":"Registrierung &#8211; Bayern"},"content":{"rendered":"<p>[et_pb_section fb_built=&#8220;1&#8243; fullwidth=&#8220;on&#8220; module_class=&#8220;iw-header&#8220; _builder_version=&#8220;4.16&#8243; global_colors_info=&#8220;{}&#8220;][et_pb_fullwidth_code module_class=&#8220;iw-header-content&#8220; _builder_version=&#8220;4.25.1&#8243; custom_css_main_element=&#8220;display: none;&#8220; global_colors_info=&#8220;{}&#8220;][\/et_pb_fullwidth_code][\/et_pb_section][et_pb_section fb_built=&#8220;1&#8243; _builder_version=&#8220;4.16&#8243; width=&#8220;800px&#8220; width_tablet=&#8220;&#8220; width_phone=&#8220;&#8220; width_last_edited=&#8220;on|phone&#8220; module_alignment=&#8220;center&#8220; global_colors_info=&#8220;{}&#8220;][et_pb_row disabled_on=&#8220;on|on|on&#8220; admin_label=&#8220;Section &#8211; text&#8220; _builder_version=&#8220;4.25.1&#8243; _module_preset=&#8220;default&#8220; disabled=&#8220;on&#8220; global_colors_info=&#8220;{}&#8220;][et_pb_column type=&#8220;4_4&#8243; _builder_version=&#8220;4.16&#8243; _module_preset=&#8220;default&#8220; global_colors_info=&#8220;{}&#8220;][et_pb_code _builder_version=&#8220;4.25.1&#8243; _module_preset=&#8220;default&#8220; global_colors_info=&#8220;{}&#8220;]<\/p>\n<h1><!-- [et_pb_line_break_holder] -->  Bayern Registration<!-- [et_pb_line_break_holder] --><\/h1>\n<p><!-- [et_pb_line_break_holder] --><!-- [et_pb_line_break_holder] --><pee><!-- [et_pb_line_break_holder] -->  Text goes here<!-- [et_pb_line_break_holder] --><\/pee>[\/et_pb_code][\/et_pb_column][\/et_pb_row][et_pb_row admin_label=&#8220;Section &#8211; Registration form&#8220; _builder_version=&#8220;4.25.1&#8243; global_colors_info=&#8220;{}&#8220;][et_pb_column type=&#8220;4_4&#8243; _builder_version=&#8220;4.16&#8243; global_colors_info=&#8220;{}&#8220;][et_pb_text _builder_version=&#8220;4.27.4&#8243; _module_preset=&#8220;default&#8220; hover_enabled=&#8220;0&#8243; sticky_enabled=&#8220;0&#8243; text_font_size=&#8220;14px&#8220; text_orientation=&#8220;justified&#8220;]<\/p>\n<h1>Registrierung bei<\/h1>\n<h1>Talent im Land &#8211; Bayern<\/h1>\n<p>Um dich bei uns bewerben zu k\u00f6nnen, musst du dich zun\u00e4chst hier registrieren. Mit dem Klick auf &#8222;Absenden&#8220; schicken wir dir eine Email mit deinen Login-Daten. <b>Achtung: diese Zugangsdaten haben nur eine G\u00fcltigkeit von 7 Tagen. Es ist deshalb wichtig, sich nach dem Erhalt der E-Mail zeitnah ein erstes Mal einzuloggen.<\/b><\/p>\n<p>Beim ersten Login im TiL-Netz musst du zun\u00e4chst ein eigenes Passwort vergeben und anschlie\u00dfend den Datenschutzbestimmungen und den Nutzungsbedingungen per Klick zustimmen.<\/p>\n<p>Im Anhang der Mail mit den Zugangsdaten findest du eine Einverst\u00e4ndniserkl\u00e4rung, die von deinen Erziehungsberechtigten und von dir selbst unterschrieben werden muss. Um deine Bewerbung ausf\u00fcllen zu k\u00f6nnen, musst du dann als erstes die unterschriebene Einverst\u00e4ndniserkl\u00e4rung gescannt oder abfotografiert im PDF-Format hochladen. Erst dann siehst du alle auszuf\u00fcllenden Felder in deinem Bewerberprofil im TiL-Netz. Eine Anleitung zum Ausf\u00fcllen deiner Bewerbung bekommst du im Anhang der Email mit den Zugangsdaten.<\/p>\n<p><b>Jegliche Kommunikation im Bewerbungsprozess l\u00e4uft per Email, die hier angegebene Mailadresse sollte also regelm\u00e4\u00dfig abgerufen werden, weil du immer wieder von uns Emails bekommen wirst. Bitte \u00fcberpr\u00fcfe auch immer wieder den Spam-Ordner deines Postfachs, weil leider manchmal Mails von uns dort einsortiert werden. <\/b><\/p>\n<p>Die eingegebenen Daten unterliegen den europ\u00e4ischen und deutschen Datenschutzbestimmungen. Die Daten werden \u00fcber eine verschl\u00fcsselte Verbindung \u00fcbertragen (SSL).<\/p>\n<p>[\/et_pb_text][et_pb_code _builder_version=&#8220;4.27.4&#8243; background_enable_color=&#8220;off&#8220; vertical_offset_tablet=&#8220;0&#8243; horizontal_offset_tablet=&#8220;0&#8243; hover_enabled=&#8220;0&#8243; z_index_tablet=&#8220;0&#8243; box_shadow_horizontal_tablet=&#8220;0px&#8220; box_shadow_vertical_tablet=&#8220;0px&#8220; box_shadow_blur_tablet=&#8220;40px&#8220; box_shadow_spread_tablet=&#8220;0px&#8220; global_colors_info=&#8220;{}&#8220; sticky_enabled=&#8220;0&#8243;][\/et_pb_code][\/et_pb_column][\/et_pb_row][\/et_pb_section]<\/p>\n","protected":false},"excerpt":{"rendered":"<p>Registrierung bei Talent im Land &#8211; Bayern Um dich bei uns bewerben zu k\u00f6nnen, musst du dich zun\u00e4chst hier registrieren. Mit dem Klick auf &#8222;Absenden&#8220; schicken wir dir eine Email mit deinen Login-Daten. Achtung: diese Zugangsdaten haben nur eine G\u00fcltigkeit von 7 Tagen. Es ist deshalb wichtig, sich nach dem Erhalt der E-Mail zeitnah [&hellip;]<\/p>\n","protected":false},"author":2,"featured_media":0,"parent":0,"menu_order":0,"comment_status":"closed","ping_status":"closed","template":"","meta":{"_et_pb_use_builder":"on","_et_pb_old_content":"","_et_gb_content_width":"","inline_featured_image":false,"footnotes":""},"class_list":["post-1849","page","type-page","status-publish","hentry"],"yoast_head":"<!-- This site is optimized with the Yoast SEO plugin v27.4 - https:\/\/yoast.com\/product\/yoast-seo-wordpress\/ -->\n<title>Registrierung - Bayern - Talent im Land<\/title>\n<meta name=\"robots\" content=\"noindex, follow, max-snippet:-1, max-image-preview:large, max-video-preview:-1\" \/>\n<meta property=\"og:locale\" content=\"de_DE\" \/>\n<meta property=\"og:type\" content=\"article\" \/>\n<meta property=\"og:title\" content=\"Registrierung - Bayern - Talent im Land\" \/>\n<meta property=\"og:description\" content=\"Registrierung bei Talent im Land - Bayern Um dich bei uns bewerben zu k\u00f6nnen, musst du dich zun\u00e4chst hier registrieren. Mit dem Klick auf &quot;Absenden&quot; schicken wir dir eine Email mit deinen Login-Daten. Achtung: diese Zugangsdaten haben nur eine G\u00fcltigkeit von 7 Tagen. Es ist deshalb wichtig, sich nach dem Erhalt der E-Mail zeitnah [&hellip;]\" \/>\n<meta property=\"og:url\" content=\"https:\/\/tilnetz.talentimland.de\/login\/registration-by\/\" \/>\n<meta property=\"og:site_name\" content=\"Talent im Land\" \/>\n<meta property=\"article:modified_time\" content=\"2025-04-09T11:43:15+00:00\" \/>\n<meta name=\"twitter:card\" content=\"summary_large_image\" \/>\n<meta name=\"twitter:label1\" content=\"Gesch\u00e4tzte Lesezeit\" \/>\n\t<meta name=\"twitter:data1\" content=\"2\u00a0Minuten\" \/>\n<script type=\"application\/ld+json\" class=\"yoast-schema-graph\">{\"@context\":\"https:\\\/\\\/schema.org\",\"@graph\":[{\"@type\":\"WebPage\",\"@id\":\"https:\\\/\\\/tilnetz.talentimland.de\\\/login\\\/registration-by\\\/\",\"url\":\"https:\\\/\\\/tilnetz.talentimland.de\\\/login\\\/registration-by\\\/\",\"name\":\"Registrierung - Bayern - Talent im Land\",\"isPartOf\":{\"@id\":\"https:\\\/\\\/tilnetz.talentimland.de\\\/login\\\/#website\"},\"datePublished\":\"2024-05-19T06:11:02+00:00\",\"dateModified\":\"2025-04-09T11:43:15+00:00\",\"breadcrumb\":{\"@id\":\"https:\\\/\\\/tilnetz.talentimland.de\\\/login\\\/registration-by\\\/#breadcrumb\"},\"inLanguage\":\"de\",\"potentialAction\":[{\"@type\":\"ReadAction\",\"target\":[\"https:\\\/\\\/tilnetz.talentimland.de\\\/login\\\/registration-by\\\/\"]}]},{\"@type\":\"BreadcrumbList\",\"@id\":\"https:\\\/\\\/tilnetz.talentimland.de\\\/login\\\/registration-by\\\/#breadcrumb\",\"itemListElement\":[{\"@type\":\"ListItem\",\"position\":1,\"name\":\"Home\",\"item\":\"https:\\\/\\\/tilnetz.talentimland.de\\\/login\\\/\"},{\"@type\":\"ListItem\",\"position\":2,\"name\":\"Registrierung &#8211; Bayern\"}]},{\"@type\":\"WebSite\",\"@id\":\"https:\\\/\\\/tilnetz.talentimland.de\\\/login\\\/#website\",\"url\":\"https:\\\/\\\/tilnetz.talentimland.de\\\/login\\\/\",\"name\":\"Talent im Land\",\"description\":\"\",\"publisher\":{\"@id\":\"https:\\\/\\\/tilnetz.talentimland.de\\\/login\\\/#organization\"},\"potentialAction\":[{\"@type\":\"SearchAction\",\"target\":{\"@type\":\"EntryPoint\",\"urlTemplate\":\"https:\\\/\\\/tilnetz.talentimland.de\\\/login\\\/?s={search_term_string}\"},\"query-input\":{\"@type\":\"PropertyValueSpecification\",\"valueRequired\":true,\"valueName\":\"search_term_string\"}}],\"inLanguage\":\"de\"},{\"@type\":\"Organization\",\"@id\":\"https:\\\/\\\/tilnetz.talentimland.de\\\/login\\\/#organization\",\"name\":\"Talent im Land\",\"url\":\"https:\\\/\\\/tilnetz.talentimland.de\\\/login\\\/\",\"logo\":{\"@type\":\"ImageObject\",\"inLanguage\":\"de\",\"@id\":\"https:\\\/\\\/tilnetz.talentimland.de\\\/login\\\/#\\\/schema\\\/logo\\\/image\\\/\",\"url\":\"https:\\\/\\\/wp.peoplepath.com\\\/tilbayern\\\/wp-content\\\/uploads\\\/2024\\\/05\\\/TiL_Logo_RGB_h80.png\",\"contentUrl\":\"https:\\\/\\\/wp.peoplepath.com\\\/tilbayern\\\/wp-content\\\/uploads\\\/2024\\\/05\\\/TiL_Logo_RGB_h80.png\",\"width\":206,\"height\":80,\"caption\":\"Talent im Land\"},\"image\":{\"@id\":\"https:\\\/\\\/tilnetz.talentimland.de\\\/login\\\/#\\\/schema\\\/logo\\\/image\\\/\"}}]}<\/script>\n<!-- \/ Yoast SEO plugin. -->","yoast_head_json":{"title":"Registrierung - Bayern - Talent im Land","robots":{"index":"noindex","follow":"follow","max-snippet":"max-snippet:-1","max-image-preview":"max-image-preview:large","max-video-preview":"max-video-preview:-1"},"og_locale":"de_DE","og_type":"article","og_title":"Registrierung - Bayern - Talent im Land","og_description":"Registrierung bei Talent im Land - Bayern Um dich bei uns bewerben zu k\u00f6nnen, musst du dich zun\u00e4chst hier registrieren. Mit dem Klick auf \"Absenden\" schicken wir dir eine Email mit deinen Login-Daten. Achtung: diese Zugangsdaten haben nur eine G\u00fcltigkeit von 7 Tagen. Es ist deshalb wichtig, sich nach dem Erhalt der E-Mail zeitnah [&hellip;]","og_url":"https:\/\/tilnetz.talentimland.de\/login\/registration-by\/","og_site_name":"Talent im Land","article_modified_time":"2025-04-09T11:43:15+00:00","twitter_card":"summary_large_image","twitter_misc":{"Gesch\u00e4tzte Lesezeit":"2\u00a0Minuten"},"schema":{"@context":"https:\/\/schema.org","@graph":[{"@type":"WebPage","@id":"https:\/\/tilnetz.talentimland.de\/login\/registration-by\/","url":"https:\/\/tilnetz.talentimland.de\/login\/registration-by\/","name":"Registrierung - Bayern - Talent im Land","isPartOf":{"@id":"https:\/\/tilnetz.talentimland.de\/login\/#website"},"datePublished":"2024-05-19T06:11:02+00:00","dateModified":"2025-04-09T11:43:15+00:00","breadcrumb":{"@id":"https:\/\/tilnetz.talentimland.de\/login\/registration-by\/#breadcrumb"},"inLanguage":"de","potentialAction":[{"@type":"ReadAction","target":["https:\/\/tilnetz.talentimland.de\/login\/registration-by\/"]}]},{"@type":"BreadcrumbList","@id":"https:\/\/tilnetz.talentimland.de\/login\/registration-by\/#breadcrumb","itemListElement":[{"@type":"ListItem","position":1,"name":"Home","item":"https:\/\/tilnetz.talentimland.de\/login\/"},{"@type":"ListItem","position":2,"name":"Registrierung &#8211; Bayern"}]},{"@type":"WebSite","@id":"https:\/\/tilnetz.talentimland.de\/login\/#website","url":"https:\/\/tilnetz.talentimland.de\/login\/","name":"Talent im Land","description":"","publisher":{"@id":"https:\/\/tilnetz.talentimland.de\/login\/#organization"},"potentialAction":[{"@type":"SearchAction","target":{"@type":"EntryPoint","urlTemplate":"https:\/\/tilnetz.talentimland.de\/login\/?s={search_term_string}"},"query-input":{"@type":"PropertyValueSpecification","valueRequired":true,"valueName":"search_term_string"}}],"inLanguage":"de"},{"@type":"Organization","@id":"https:\/\/tilnetz.talentimland.de\/login\/#organization","name":"Talent im Land","url":"https:\/\/tilnetz.talentimland.de\/login\/","logo":{"@type":"ImageObject","inLanguage":"de","@id":"https:\/\/tilnetz.talentimland.de\/login\/#\/schema\/logo\/image\/","url":"https:\/\/wp.peoplepath.com\/tilbayern\/wp-content\/uploads\/2024\/05\/TiL_Logo_RGB_h80.png","contentUrl":"https:\/\/wp.peoplepath.com\/tilbayern\/wp-content\/uploads\/2024\/05\/TiL_Logo_RGB_h80.png","width":206,"height":80,"caption":"Talent im Land"},"image":{"@id":"https:\/\/tilnetz.talentimland.de\/login\/#\/schema\/logo\/image\/"}}]}},"_links":{"self":[{"href":"https:\/\/tilnetz.talentimland.de\/login\/wp-json\/wp\/v2\/pages\/1849","targetHints":{"allow":["GET"]}}],"collection":[{"href":"https:\/\/tilnetz.talentimland.de\/login\/wp-json\/wp\/v2\/pages"}],"about":[{"href":"https:\/\/tilnetz.talentimland.de\/login\/wp-json\/wp\/v2\/types\/page"}],"author":[{"embeddable":true,"href":"https:\/\/tilnetz.talentimland.de\/login\/wp-json\/wp\/v2\/users\/2"}],"replies":[{"embeddable":true,"href":"https:\/\/tilnetz.talentimland.de\/login\/wp-json\/wp\/v2\/comments?post=1849"}],"version-history":[{"count":11,"href":"https:\/\/tilnetz.talentimland.de\/login\/wp-json\/wp\/v2\/pages\/1849\/revisions"}],"predecessor-version":[{"id":2127,"href":"https:\/\/tilnetz.talentimland.de\/login\/wp-json\/wp\/v2\/pages\/1849\/revisions\/2127"}],"wp:attachment":[{"href":"https:\/\/tilnetz.talentimland.de\/login\/wp-json\/wp\/v2\/media?parent=1849"}],"curies":[{"name":"wp","href":"https:\/\/api.w.org\/{rel}","templated":true}]}}