{"id":1993,"date":"2025-01-07T10:58:23","date_gmt":"2025-01-07T10:58:23","guid":{"rendered":"https:\/\/tilnetz.talentimland.de\/login\/?page_id=1993"},"modified":"2025-04-03T11:04:29","modified_gmt":"2025-04-03T10:04:29","slug":"impressum-by","status":"publish","type":"page","link":"https:\/\/tilnetz.talentimland.de\/login\/impressum-by\/","title":{"rendered":"Impressum BY"},"content":{"rendered":"<p>[et_pb_section fb_built=&#8220;1&#8243; fullwidth=&#8220;on&#8220; admin_label=&#8220;Section&#8220; module_class=&#8220;iw-header&#8220; _builder_version=&#8220;4.16&#8243; global_colors_info=&#8220;{}&#8220;][et_pb_fullwidth_code module_class=&#8220;iw-header-content&#8220; _builder_version=&#8220;4.16&#8243; global_colors_info=&#8220;{}&#8220;][\/et_pb_fullwidth_code][\/et_pb_section][et_pb_section fb_built=&#8220;1&#8243; _builder_version=&#8220;4.16&#8243; global_colors_info=&#8220;{}&#8220;][et_pb_row _builder_version=&#8220;4.16&#8243; global_colors_info=&#8220;{}&#8220;][et_pb_column type=&#8220;4_4&#8243; _builder_version=&#8220;4.16&#8243; global_colors_info=&#8220;{}&#8220;][et_pb_code _builder_version=&#8220;4.27.4&#8243; background_enable_color=&#8220;off&#8220; global_colors_info=&#8220;{}&#8220;]<\/p>\n<h1>Impressum<\/h1>\n<p><!-- [et_pb_line_break_holder] --><!-- [et_pb_line_break_holder] --><pee class=MsoNormal>Talent im Land &#8211; Bayern. Sch\u00fclerstipendien f\u00fcr<!-- [et_pb_line_break_holder] -->Bildungschancen.\u00a0<o:p><\/o:p><\/pee><!-- [et_pb_line_break_holder] --><!-- [et_pb_line_break_holder] --><pee class=MsoNormal><b>Kontakt \/ Redaktionelle Verantwortung<\/b><o:p><\/o:p><\/pee><!-- [et_pb_line_break_holder] --><!-- [et_pb_line_break_holder] --><pee class=MsoNormal>\u00a0<o:p><\/o:p><\/pee><!-- [et_pb_line_break_holder] --><!-- [et_pb_line_break_holder] --><pee class=MsoNormal>Nora Youssef<!\u2013- [et_pb_br_holder] -\u2013><!-- [et_pb_line_break_holder] -->Staatsinstitut f\u00fcr Schulqualit\u00e4t und Bildungsforschung<!\u2013- [et_pb_br_holder] -\u2013><!-- [et_pb_line_break_holder] -->Talent im Land &#8211; Bayern<!\u2013- [et_pb_br_holder] -\u2013><!-- [et_pb_line_break_holder] -->Schellingstra\u00dfe 155<!\u2013- [et_pb_br_holder] -\u2013><!-- [et_pb_line_break_holder] -->80797 M\u00fcnchen<!\u2013- [et_pb_br_holder] -\u2013><!-- [et_pb_line_break_holder] -->nora.youssef@isb.bayern.de<!\u2013- [et_pb_br_holder] -\u2013><!-- [et_pb_line_break_holder] -->Tel.: 089 2170-2240<o:p><\/o:p><\/pee><!-- [et_pb_line_break_holder] --><!-- [et_pb_line_break_holder] --><pee class=MsoNormal>\u00a0<o:p><\/o:p><\/pee><!-- [et_pb_line_break_holder] --><!-- [et_pb_line_break_holder] --><pee class=MsoNormal><b>Herausgeber:<\/b><o:p><\/o:p><\/pee><!-- [et_pb_line_break_holder] --><!-- [et_pb_line_break_holder] --><pee class=MsoNormal>Staatsinstitut f\u00fcr Schulqualit\u00e4t und Bildungsforschung (ISB)<!\u2013- [et_pb_br_holder] -\u2013><!-- [et_pb_line_break_holder] -->\u00d6ffentlichkeitsarbeit<!\u2013- [et_pb_br_holder] -\u2013><!-- [et_pb_line_break_holder] -->Schellingstr. 15<!\u2013- [et_pb_br_holder] -\u2013><!-- [et_pb_line_break_holder] -->580797 M\u00fcnchen<!\u2013- [et_pb_br_holder] -\u2013><!-- [et_pb_line_break_holder] -->Direktor Dr. Alfons Frey<!\u2013- [et_pb_br_holder] -\u2013><!-- [et_pb_line_break_holder] --><span class=SpellE>USt<\/span>-Identifikationsnummer: DE 81133551<o:p><\/o:p><\/pee><!-- [et_pb_line_break_holder] --><!-- [et_pb_line_break_holder] --><pee class=MsoNormal>\u00a0<o:p><\/o:p><\/pee><!-- [et_pb_line_break_holder] --><!-- [et_pb_line_break_holder] --><pee class=MsoNormal><b>Haftungsausschluss<\/b><o:p><\/o:p><\/pee><!-- [et_pb_line_break_holder] --><!-- [et_pb_line_break_holder] --><pee class=MsoNormal>Alle auf dieser Internetseite bereitgestellten Informationen<!-- [et_pb_line_break_holder] -->haben wir nach bestem Wissen und Gewissen erarbeitet und gepr\u00fcft. Eine Gew\u00e4hr<!-- [et_pb_line_break_holder] -->f\u00fcr die jederzeitige Aktualit\u00e4t, Richtigkeit, Vollst\u00e4ndigkeit und Verf\u00fcgbarkeit<!-- [et_pb_line_break_holder] -->der bereit gestellten Informationen k\u00f6nnen wir allerdings nicht \u00fcbernehmen. Ein<!-- [et_pb_line_break_holder] -->Vertragsverh\u00e4ltnis mit den Nutzern des Internetangebots kommt nicht zustande.<o:p><\/o:p><\/pee><!-- [et_pb_line_break_holder] --><!-- [et_pb_line_break_holder] --><pee class=MsoNormal>Wir haften nicht f\u00fcr Sch\u00e4den, die durch die Nutzung dieses<!-- [et_pb_line_break_holder] -->Internetangebots entstehen. Dieser Haftungsausschluss gilt nicht, soweit die<!-- [et_pb_line_break_holder] -->Vorschriften des \u00a7 839 BGB (Haftung bei Amtspflichtverletzung) einschl\u00e4gig<!-- [et_pb_line_break_holder] -->sind. F\u00fcr etwaige Sch\u00e4den, die beim Aufrufen oder Herunterladen von Daten durch<!-- [et_pb_line_break_holder] -->Schadsoftware oder der Installation oder Nutzung von Software verursacht<!-- [et_pb_line_break_holder] -->werden, wird nicht gehaftet.<o:p><\/o:p><\/pee><!-- [et_pb_line_break_holder] --><!-- [et_pb_line_break_holder] --><pee class=MsoNormal><b>Links<\/b><o:p><\/o:p><\/pee><!-- [et_pb_line_break_holder] --><!-- [et_pb_line_break_holder] --><pee class=MsoNormal>Von unseren eigenen Inhalten sind Querverweise (\u201eLinks\u201c) auf<!-- [et_pb_line_break_holder] -->die Webseiten anderer Anbieter zu unterscheiden. Durch diese Links erm\u00f6glichen<!-- [et_pb_line_break_holder] -->wir lediglich den Zugang zur Nutzung fremder Inhalte nach \u00a7 8 Telemediengesetz.<!-- [et_pb_line_break_holder] -->Bei der erstmaligen Verkn\u00fcpfung mit diesen Internetangeboten haben wir diese<!-- [et_pb_line_break_holder] -->fremden Inhalte daraufhin \u00fcberpr\u00fcft, ob durch sie eine m\u00f6gliche zivilrechtliche<!-- [et_pb_line_break_holder] -->oder strafrechtliche Verantwortlichkeit ausgel\u00f6st wird. Wir k\u00f6nnen diese<!-- [et_pb_line_break_holder] -->fremden Inhalte aber nicht st\u00e4ndig auf Ver\u00e4nderungen \u00fcberpr\u00fcfen und daher auch<!-- [et_pb_line_break_holder] -->keine Verantwortung daf\u00fcr \u00fcbernehmen. F\u00fcr illegale, fehlerhafte oder<!-- [et_pb_line_break_holder] -->unvollst\u00e4ndige Inhalte und insbesondere f\u00fcr Sch\u00e4den, die aus der Nutzung oder<!-- [et_pb_line_break_holder] -->Nichtnutzung von Informationen Dritter entstehen, haftet allein der jeweilige<!-- [et_pb_line_break_holder] -->Anbieter der Seite.<o:p><\/o:p><\/pee><!-- [et_pb_line_break_holder] --><!-- [et_pb_line_break_holder] --><pee class=MsoNormal>Hinweise auf externe Webangebote<o:p><\/o:p><\/pee><!-- [et_pb_line_break_holder] --><!-- [et_pb_line_break_holder] --><pee class=MsoNormal>An einigen Stellen weisen wir auf externe Webangebote und<!-- [et_pb_line_break_holder] -->Apps hin, die aufgrund ihres Inhalts p\u00e4dagogisch wertvoll erscheinen. Wir<!-- [et_pb_line_break_holder] -->bitten jedoch um Verst\u00e4ndnis, dass eine umfassende und insbesondere eine<!-- [et_pb_line_break_holder] -->laufende \u00dcberpr\u00fcfung der Angebote unsererseits nicht m\u00f6glich ist. Vor einem<!-- [et_pb_line_break_holder] -->etwaigen Unterrichtseinsatz hat die Lehrkraft das Angebot in eigener<!-- [et_pb_line_break_holder] -->Verantwortung zu pr\u00fcfen und ggf. R\u00fccksprache mit der Schulleitung zu halten.<!-- [et_pb_line_break_holder] -->Sofern das Angebot Werbung enth\u00e4lt, ist die Schulleitung stets einzubinden<!-- [et_pb_line_break_holder] -->zwecks Erteilung einer Ausnahme vom schulischen Werbeverbot nach Art. 84 Abs. 1<!-- [et_pb_line_break_holder] -->Satz 2 <span class=SpellE>BayEUG<\/span>, \u00a7 2 Abs. 2 Satz 1 Nr. 4 <span<!-- [et_pb_line_break_holder] -->class=SpellE>BaySchO<\/span>. Ferner hat die Lehrkraft die Nutzungsbedingungen<!-- [et_pb_line_break_holder] -->des Angebots dahingehend zu pr\u00fcfen, ob diese den gew\u00fcnschten Einsatz zulassen.<o:p><\/o:p><\/pee><!-- [et_pb_line_break_holder] --><!-- [et_pb_line_break_holder] --><pee class=MsoNormal>Verarbeitet das Angebot personenbezogene Daten, ist der<!-- [et_pb_line_break_holder] -->Datenschutzbeauftrage der Schule einzubinden. Grunds\u00e4tzlich empfehlen wir, dass<!-- [et_pb_line_break_holder] -->Sch\u00fclerinnen und Sch\u00fcler Webseiten aus dem Schulnetz heraus aufrufen, damit<!-- [et_pb_line_break_holder] -->diese nicht ihre pers\u00f6nliche IP-Adresse an den externen Anbieter \u00fcbermitteln.<o:p><\/o:p><\/pee><!-- [et_pb_line_break_holder] --><!-- [et_pb_line_break_holder] --><pee class=MsoNormal>Weitere Informationen zum Einsatz von Apps und sonstigen<!-- [et_pb_line_break_holder] -->Webangeboten finden Lehrkr\u00e4ften in der fl\u00e4chendeckenden <span class=SpellE>Fortbildungsinititative<\/span><!-- [et_pb_line_break_holder] -->der Akademie f\u00fcr Lehrerfortbildung und Personalf\u00fchrung, Modul \u201eDigitalisierung,<!-- [et_pb_line_break_holder] -->Schule und Recht\u201c (<a href=\"https:\/\/fortbildungsoffensive.alp.dillingen.de\/\"<!-- [et_pb_line_break_holder] -->target=&#8220;_blank&#8220;>fortbildungsoffensive.alp.dillingen.de<\/a>).<o:p><\/o:p><\/pee>[\/et_pb_code][\/et_pb_column][\/et_pb_row][\/et_pb_section]<\/p>\n","protected":false},"excerpt":{"rendered":"\n","protected":false},"author":1,"featured_media":0,"parent":0,"menu_order":0,"comment_status":"closed","ping_status":"closed","template":"","meta":{"_et_pb_use_builder":"on","_et_pb_old_content":"","_et_gb_content_width":"","inline_featured_image":false,"footnotes":""},"class_list":["post-1993","page","type-page","status-publish","hentry"],"yoast_head":"<!-- This site is optimized with the Yoast SEO plugin v27.5 - https:\/\/yoast.com\/product\/yoast-seo-wordpress\/ -->\n<title>Impressum BY - Talent im Land<\/title>\n<meta name=\"robots\" content=\"noindex, follow, max-snippet:-1, max-image-preview:large, max-video-preview:-1\" \/>\n<meta property=\"og:locale\" content=\"de_DE\" \/>\n<meta property=\"og:type\" content=\"article\" \/>\n<meta property=\"og:title\" content=\"Impressum BY - Talent im Land\" \/>\n<meta property=\"og:url\" content=\"https:\/\/tilnetz.talentimland.de\/login\/impressum-by\/\" \/>\n<meta property=\"og:site_name\" content=\"Talent im Land\" \/>\n<meta property=\"article:modified_time\" content=\"2025-04-03T10:04:29+00:00\" \/>\n<meta name=\"twitter:card\" content=\"summary_large_image\" \/>\n<meta name=\"twitter:description\" content=\"[xyz-ips snippet=&quot;iw-header&quot;]\" \/>\n<meta name=\"twitter:label1\" content=\"Gesch\u00e4tzte Lesezeit\" \/>\n\t<meta name=\"twitter:data1\" content=\"3\u00a0Minuten\" \/>\n<script type=\"application\/ld+json\" class=\"yoast-schema-graph\">{\"@context\":\"https:\\\/\\\/schema.org\",\"@graph\":[{\"@type\":\"WebPage\",\"@id\":\"https:\\\/\\\/tilnetz.talentimland.de\\\/login\\\/impressum-by\\\/\",\"url\":\"https:\\\/\\\/tilnetz.talentimland.de\\\/login\\\/impressum-by\\\/\",\"name\":\"Impressum BY - Talent im Land\",\"isPartOf\":{\"@id\":\"https:\\\/\\\/tilnetz.talentimland.de\\\/login\\\/#website\"},\"datePublished\":\"2025-01-07T10:58:23+00:00\",\"dateModified\":\"2025-04-03T10:04:29+00:00\",\"breadcrumb\":{\"@id\":\"https:\\\/\\\/tilnetz.talentimland.de\\\/login\\\/impressum-by\\\/#breadcrumb\"},\"inLanguage\":\"de\",\"potentialAction\":[{\"@type\":\"ReadAction\",\"target\":[\"https:\\\/\\\/tilnetz.talentimland.de\\\/login\\\/impressum-by\\\/\"]}]},{\"@type\":\"BreadcrumbList\",\"@id\":\"https:\\\/\\\/tilnetz.talentimland.de\\\/login\\\/impressum-by\\\/#breadcrumb\",\"itemListElement\":[{\"@type\":\"ListItem\",\"position\":1,\"name\":\"Home\",\"item\":\"https:\\\/\\\/tilnetz.talentimland.de\\\/login\\\/\"},{\"@type\":\"ListItem\",\"position\":2,\"name\":\"Impressum BY\"}]},{\"@type\":\"WebSite\",\"@id\":\"https:\\\/\\\/tilnetz.talentimland.de\\\/login\\\/#website\",\"url\":\"https:\\\/\\\/tilnetz.talentimland.de\\\/login\\\/\",\"name\":\"Talent im Land\",\"description\":\"\",\"publisher\":{\"@id\":\"https:\\\/\\\/tilnetz.talentimland.de\\\/login\\\/#organization\"},\"potentialAction\":[{\"@type\":\"SearchAction\",\"target\":{\"@type\":\"EntryPoint\",\"urlTemplate\":\"https:\\\/\\\/tilnetz.talentimland.de\\\/login\\\/?s={search_term_string}\"},\"query-input\":{\"@type\":\"PropertyValueSpecification\",\"valueRequired\":true,\"valueName\":\"search_term_string\"}}],\"inLanguage\":\"de\"},{\"@type\":\"Organization\",\"@id\":\"https:\\\/\\\/tilnetz.talentimland.de\\\/login\\\/#organization\",\"name\":\"Talent im Land\",\"url\":\"https:\\\/\\\/tilnetz.talentimland.de\\\/login\\\/\",\"logo\":{\"@type\":\"ImageObject\",\"inLanguage\":\"de\",\"@id\":\"https:\\\/\\\/tilnetz.talentimland.de\\\/login\\\/#\\\/schema\\\/logo\\\/image\\\/\",\"url\":\"https:\\\/\\\/wp.peoplepath.com\\\/tilbayern\\\/wp-content\\\/uploads\\\/2024\\\/05\\\/TiL_Logo_RGB_h80.png\",\"contentUrl\":\"https:\\\/\\\/wp.peoplepath.com\\\/tilbayern\\\/wp-content\\\/uploads\\\/2024\\\/05\\\/TiL_Logo_RGB_h80.png\",\"width\":206,\"height\":80,\"caption\":\"Talent im Land\"},\"image\":{\"@id\":\"https:\\\/\\\/tilnetz.talentimland.de\\\/login\\\/#\\\/schema\\\/logo\\\/image\\\/\"}}]}<\/script>\n<!-- \/ Yoast SEO plugin. -->","yoast_head_json":{"title":"Impressum BY - Talent im Land","robots":{"index":"noindex","follow":"follow","max-snippet":"max-snippet:-1","max-image-preview":"max-image-preview:large","max-video-preview":"max-video-preview:-1"},"og_locale":"de_DE","og_type":"article","og_title":"Impressum BY - Talent im Land","og_url":"https:\/\/tilnetz.talentimland.de\/login\/impressum-by\/","og_site_name":"Talent im Land","article_modified_time":"2025-04-03T10:04:29+00:00","twitter_card":"summary_large_image","twitter_description":"[xyz-ips snippet=\"iw-header\"]","twitter_misc":{"Gesch\u00e4tzte Lesezeit":"3\u00a0Minuten"},"schema":{"@context":"https:\/\/schema.org","@graph":[{"@type":"WebPage","@id":"https:\/\/tilnetz.talentimland.de\/login\/impressum-by\/","url":"https:\/\/tilnetz.talentimland.de\/login\/impressum-by\/","name":"Impressum BY - Talent im Land","isPartOf":{"@id":"https:\/\/tilnetz.talentimland.de\/login\/#website"},"datePublished":"2025-01-07T10:58:23+00:00","dateModified":"2025-04-03T10:04:29+00:00","breadcrumb":{"@id":"https:\/\/tilnetz.talentimland.de\/login\/impressum-by\/#breadcrumb"},"inLanguage":"de","potentialAction":[{"@type":"ReadAction","target":["https:\/\/tilnetz.talentimland.de\/login\/impressum-by\/"]}]},{"@type":"BreadcrumbList","@id":"https:\/\/tilnetz.talentimland.de\/login\/impressum-by\/#breadcrumb","itemListElement":[{"@type":"ListItem","position":1,"name":"Home","item":"https:\/\/tilnetz.talentimland.de\/login\/"},{"@type":"ListItem","position":2,"name":"Impressum BY"}]},{"@type":"WebSite","@id":"https:\/\/tilnetz.talentimland.de\/login\/#website","url":"https:\/\/tilnetz.talentimland.de\/login\/","name":"Talent im Land","description":"","publisher":{"@id":"https:\/\/tilnetz.talentimland.de\/login\/#organization"},"potentialAction":[{"@type":"SearchAction","target":{"@type":"EntryPoint","urlTemplate":"https:\/\/tilnetz.talentimland.de\/login\/?s={search_term_string}"},"query-input":{"@type":"PropertyValueSpecification","valueRequired":true,"valueName":"search_term_string"}}],"inLanguage":"de"},{"@type":"Organization","@id":"https:\/\/tilnetz.talentimland.de\/login\/#organization","name":"Talent im Land","url":"https:\/\/tilnetz.talentimland.de\/login\/","logo":{"@type":"ImageObject","inLanguage":"de","@id":"https:\/\/tilnetz.talentimland.de\/login\/#\/schema\/logo\/image\/","url":"https:\/\/wp.peoplepath.com\/tilbayern\/wp-content\/uploads\/2024\/05\/TiL_Logo_RGB_h80.png","contentUrl":"https:\/\/wp.peoplepath.com\/tilbayern\/wp-content\/uploads\/2024\/05\/TiL_Logo_RGB_h80.png","width":206,"height":80,"caption":"Talent im Land"},"image":{"@id":"https:\/\/tilnetz.talentimland.de\/login\/#\/schema\/logo\/image\/"}}]}},"_links":{"self":[{"href":"https:\/\/tilnetz.talentimland.de\/login\/wp-json\/wp\/v2\/pages\/1993","targetHints":{"allow":["GET"]}}],"collection":[{"href":"https:\/\/tilnetz.talentimland.de\/login\/wp-json\/wp\/v2\/pages"}],"about":[{"href":"https:\/\/tilnetz.talentimland.de\/login\/wp-json\/wp\/v2\/types\/page"}],"author":[{"embeddable":true,"href":"https:\/\/tilnetz.talentimland.de\/login\/wp-json\/wp\/v2\/users\/1"}],"replies":[{"embeddable":true,"href":"https:\/\/tilnetz.talentimland.de\/login\/wp-json\/wp\/v2\/comments?post=1993"}],"version-history":[{"count":12,"href":"https:\/\/tilnetz.talentimland.de\/login\/wp-json\/wp\/v2\/pages\/1993\/revisions"}],"predecessor-version":[{"id":2085,"href":"https:\/\/tilnetz.talentimland.de\/login\/wp-json\/wp\/v2\/pages\/1993\/revisions\/2085"}],"wp:attachment":[{"href":"https:\/\/tilnetz.talentimland.de\/login\/wp-json\/wp\/v2\/media?parent=1993"}],"curies":[{"name":"wp","href":"https:\/\/api.w.org\/{rel}","templated":true}]}}