{"id":262,"date":"2020-02-06T12:59:51","date_gmt":"2020-02-06T12:59:51","guid":{"rendered":"https:\/\/ext-us.intraworlds.com\/installer-co\/?page_id=262"},"modified":"2025-01-07T11:29:09","modified_gmt":"2025-01-07T11:29:09","slug":"nutzungsbedingungen-bw","status":"publish","type":"page","link":"https:\/\/tilnetz.talentimland.de\/login\/nutzungsbedingungen-bw\/","title":{"rendered":"Nutzungsbedingungen BW"},"content":{"rendered":"<p>[et_pb_section fb_built=&#8220;1&#8243; fullwidth=&#8220;on&#8220; admin_label=&#8220;Section&#8220; module_class=&#8220;iw-header&#8220; _builder_version=&#8220;4.16&#8243; global_colors_info=&#8220;{}&#8220;][et_pb_fullwidth_code module_class=&#8220;iw-header-content&#8220; _builder_version=&#8220;4.16&#8243; global_colors_info=&#8220;{}&#8220;][\/et_pb_fullwidth_code][\/et_pb_section][et_pb_section fb_built=&#8220;1&#8243; module_class=&#8220;iw-section-text&#8220; _builder_version=&#8220;4.22.2&#8243; global_colors_info=&#8220;{}&#8220;][et_pb_row _builder_version=&#8220;4.16&#8243; global_colors_info=&#8220;{}&#8220;][et_pb_column type=&#8220;4_4&#8243; _builder_version=&#8220;4.16&#8243; global_colors_info=&#8220;{}&#8220;][et_pb_code _builder_version=&#8220;4.27.4&#8243; background_enable_color=&#8220;off&#8220; hover_enabled=&#8220;0&#8243; global_colors_info=&#8220;{}&#8220; sticky_enabled=&#8220;0&#8243;]<\/p>\n<h1>Nutzungsbedingungen f\u00fcr das Online-Portal TiL-Netz von Talent im Land Baden-W\u00fcrttemberg<\/h1>\n<p><!-- [et_pb_line_break_holder] --><!-- [et_pb_line_break_holder] --><pee class=MsoNormal><b>Stand: 19.02.2013<\/b><\/pee><!-- [et_pb_line_break_holder] --><!-- [et_pb_line_break_holder] --><pee class=MsoNormal>Mit der Nutzung des TiL-Netzes erkl\u00e4re ich gegen\u00fcber Talent<!-- [et_pb_line_break_holder] -->im Land mein Einverst\u00e4ndnis mit den folgenden Punkten:<\/pee><!-- [et_pb_line_break_holder] --><!-- [et_pb_line_break_holder] --><pee class=MsoNormal>1. Ich verpflichte mich, das TiL-Netz nur gem\u00e4\u00df seinem<!-- [et_pb_line_break_holder] -->eigentlichen Zweck zu benutzen. Das schlie\u00dft insbesondere mit ein, dass<\/pee><!-- [et_pb_line_break_holder] --><!-- [et_pb_line_break_holder] --><\/p>\n<ul style='margin-top:0cm' type=disc><!-- [et_pb_line_break_holder] --> <\/p>\n<li class=MsoNormal>ich meine Zugangsdaten keinen dritten Personen zur<!-- [et_pb_line_break_holder] -->     Verf\u00fcgung stelle;<\/li>\n<p><!-- [et_pb_line_break_holder] --> <\/p>\n<li class=MsoNormal>ich das TiL-Netz ausschlie\u00dflich zu meinem privaten Zweck<!-- [et_pb_line_break_holder] -->     benutze und keine kommerziellen Ziele mit der Nutzung verfolge;<\/li>\n<p><!-- [et_pb_line_break_holder] --> <\/p>\n<li class=MsoNormal>ich keine digitalen Kopien der Mitgliederdaten anfertige;<\/li>\n<p><!-- [et_pb_line_break_holder] --> <\/p>\n<li class=MsoNormal>ich Kopien des TiL-Netzes und der darin enthaltenen<!-- [et_pb_line_break_holder] -->     Informationen lediglich zum eigenen Gebrauch erstelle.<\/li>\n<p><!-- [et_pb_line_break_holder] --><\/ul>\n<p><!-- [et_pb_line_break_holder] --><!-- [et_pb_line_break_holder] --><pee class=MsoNormal>2. Ich verpflichte mich zu einem fairen Verhalten innerhalb<!-- [et_pb_line_break_holder] -->des TiL-Netzes. Das schlie\u00dft insbesondere mit ein, dass ich die Integrit\u00e4t von<!-- [et_pb_line_break_holder] -->anderen Benutzern wahre. Insbesondere werde ich<\/pee><!-- [et_pb_line_break_holder] --><!-- [et_pb_line_break_holder] --><\/p>\n<ul style='margin-top:0cm' type=disc><!-- [et_pb_line_break_holder] --> <\/p>\n<li class=MsoNormal>keine Ver\u00f6ffentlichungen von pers\u00f6nlich verletzenden<!-- [et_pb_line_break_holder] -->     Inhalten o.\u00e4. in das TiL-Netz einstellen oder auf andere Weise verbreiten;<\/li>\n<p><!-- [et_pb_line_break_holder] --> <\/p>\n<li class=MsoNormal>keine Inhalte in das TiL-Netz einstellen, die<!-- [et_pb_line_break_holder] -->     diskriminierend, obsz\u00f6n, illegal o.\u00e4. sind;<\/li>\n<p><!-- [et_pb_line_break_holder] --> <\/p>\n<li class=MsoNormal>mich eindeutig durch meinen Namen im TiL-Netz<!-- [et_pb_line_break_holder] -->     kennzeichnen;<\/li>\n<p><!-- [et_pb_line_break_holder] --> <\/p>\n<li class=MsoNormal>mich nicht mit einer anderen Identit\u00e4t in das TiL-Netz<!-- [et_pb_line_break_holder] -->     einloggen;<\/li>\n<p><!-- [et_pb_line_break_holder] --> <\/p>\n<li class=MsoNormal>keine Dateien einstellen, die mit einem Virus infiziert<!-- [et_pb_line_break_holder] -->     sein k\u00f6nnten oder diesen Anschein erwecken.<\/li>\n<p><!-- [et_pb_line_break_holder] --><\/ul>\n<p><!-- [et_pb_line_break_holder] --><!-- [et_pb_line_break_holder] --><pee class=MsoNormal>3. Ich erkenne an, dass f\u00fcr Sch\u00e4den, die durch die Nutzung<!-- [et_pb_line_break_holder] -->des Systems entstehen k\u00f6nnten, eine Haftung durch Talent im Land ausgeschlossen<!-- [et_pb_line_break_holder] -->ist.<\/pee><!-- [et_pb_line_break_holder] --><!-- [et_pb_line_break_holder] --><pee class=MsoNormal>4. Ich erkenne an, dass eine Gew\u00e4hr \u00fcber die Verf\u00fcgbarkeit<!-- [et_pb_line_break_holder] -->der Dienste bzw. deren Funktionst\u00fcchtigkeit nicht besteht.<\/pee><!-- [et_pb_line_break_holder] --><!-- [et_pb_line_break_holder] --><pee class=MsoNormal>5. Ich erkl\u00e4re mich mit der statistischen Auswertung meiner<!-- [et_pb_line_break_holder] -->Log-Daten zu Evaluierungzwecken hinsichtlich der Funktionalit\u00e4ten des<!-- [et_pb_line_break_holder] -->TiL-Netzes einverstanden.<\/pee><!-- [et_pb_line_break_holder] --><!-- [et_pb_line_break_holder] --><pee class=MsoNormal>6. Ich erkenne das Recht der Administration an, fragliche<!-- [et_pb_line_break_holder] -->Inhalte aus dem TiL-Netz zu nehmen und bei Versto\u00df gegen die<!-- [et_pb_line_break_holder] -->Nutzungsbedingungen den Benutzer zu sperren.<\/pee><!-- [et_pb_line_break_holder] --><!-- [et_pb_line_break_holder] --><pee class=MsoNormal>7. Ich erkenne an, dass f\u00fcr alle eingestellten Daten bzw.<!-- [et_pb_line_break_holder] -->Inhalte der jeweilige einstellende Nutzer verantwortlich ist. Talent im Land<!-- [et_pb_line_break_holder] -->\u00fcbernimmt weder f\u00fcr deren technische Qualit\u00e4t noch f\u00fcr deren Inhalte Haftung.<\/pee>[\/et_pb_code][\/et_pb_column][\/et_pb_row][\/et_pb_section]<\/p>\n","protected":false},"excerpt":{"rendered":"\n","protected":false},"author":1,"featured_media":0,"parent":0,"menu_order":0,"comment_status":"closed","ping_status":"closed","template":"","meta":{"_et_pb_use_builder":"on","_et_pb_old_content":"","_et_gb_content_width":"","inline_featured_image":false,"footnotes":""},"class_list":["post-262","page","type-page","status-publish","hentry"],"yoast_head":"<!-- This site is optimized with the Yoast SEO plugin v27.5 - https:\/\/yoast.com\/product\/yoast-seo-wordpress\/ -->\n<title>Nutzungsbedingungen | Talent im Land<\/title>\n<meta name=\"robots\" content=\"noindex, nofollow\" \/>\n<meta property=\"og:locale\" content=\"de_DE\" \/>\n<meta property=\"og:type\" content=\"article\" \/>\n<meta property=\"og:title\" content=\"Nutzungsbedingungen | Talent im Land\" \/>\n<meta property=\"og:url\" content=\"https:\/\/tilnetz.talentimland.de\/login\/nutzungsbedingungen-bw\/\" \/>\n<meta property=\"og:site_name\" content=\"Talent im Land\" \/>\n<meta property=\"article:modified_time\" content=\"2025-01-07T11:29:09+00:00\" \/>\n<meta name=\"twitter:card\" content=\"summary_large_image\" \/>\n<meta name=\"twitter:description\" content=\"[xyz-ips snippet=&quot;iw-header&quot;]\" \/>\n<meta name=\"twitter:label1\" content=\"Gesch\u00e4tzte Lesezeit\" \/>\n\t<meta name=\"twitter:data1\" content=\"2\u00a0Minuten\" \/>\n<script type=\"application\/ld+json\" class=\"yoast-schema-graph\">{\"@context\":\"https:\\\/\\\/schema.org\",\"@graph\":[{\"@type\":\"WebPage\",\"@id\":\"https:\\\/\\\/tilnetz.talentimland.de\\\/login\\\/nutzungsbedingungen-bw\\\/\",\"url\":\"https:\\\/\\\/tilnetz.talentimland.de\\\/login\\\/nutzungsbedingungen-bw\\\/\",\"name\":\"Nutzungsbedingungen | Talent im Land\",\"isPartOf\":{\"@id\":\"https:\\\/\\\/tilnetz.talentimland.de\\\/login\\\/#website\"},\"datePublished\":\"2020-02-06T12:59:51+00:00\",\"dateModified\":\"2025-01-07T11:29:09+00:00\",\"breadcrumb\":{\"@id\":\"https:\\\/\\\/tilnetz.talentimland.de\\\/login\\\/nutzungsbedingungen-bw\\\/#breadcrumb\"},\"inLanguage\":\"de\",\"potentialAction\":[{\"@type\":\"ReadAction\",\"target\":[\"https:\\\/\\\/tilnetz.talentimland.de\\\/login\\\/nutzungsbedingungen-bw\\\/\"]}]},{\"@type\":\"BreadcrumbList\",\"@id\":\"https:\\\/\\\/tilnetz.talentimland.de\\\/login\\\/nutzungsbedingungen-bw\\\/#breadcrumb\",\"itemListElement\":[{\"@type\":\"ListItem\",\"position\":1,\"name\":\"Home\",\"item\":\"https:\\\/\\\/tilnetz.talentimland.de\\\/login\\\/\"},{\"@type\":\"ListItem\",\"position\":2,\"name\":\"Nutzungsbedingungen BW\"}]},{\"@type\":\"WebSite\",\"@id\":\"https:\\\/\\\/tilnetz.talentimland.de\\\/login\\\/#website\",\"url\":\"https:\\\/\\\/tilnetz.talentimland.de\\\/login\\\/\",\"name\":\"Talent im Land\",\"description\":\"\",\"publisher\":{\"@id\":\"https:\\\/\\\/tilnetz.talentimland.de\\\/login\\\/#organization\"},\"potentialAction\":[{\"@type\":\"SearchAction\",\"target\":{\"@type\":\"EntryPoint\",\"urlTemplate\":\"https:\\\/\\\/tilnetz.talentimland.de\\\/login\\\/?s={search_term_string}\"},\"query-input\":{\"@type\":\"PropertyValueSpecification\",\"valueRequired\":true,\"valueName\":\"search_term_string\"}}],\"inLanguage\":\"de\"},{\"@type\":\"Organization\",\"@id\":\"https:\\\/\\\/tilnetz.talentimland.de\\\/login\\\/#organization\",\"name\":\"Talent im Land\",\"url\":\"https:\\\/\\\/tilnetz.talentimland.de\\\/login\\\/\",\"logo\":{\"@type\":\"ImageObject\",\"inLanguage\":\"de\",\"@id\":\"https:\\\/\\\/tilnetz.talentimland.de\\\/login\\\/#\\\/schema\\\/logo\\\/image\\\/\",\"url\":\"https:\\\/\\\/wp.peoplepath.com\\\/tilbayern\\\/wp-content\\\/uploads\\\/2024\\\/05\\\/TiL_Logo_RGB_h80.png\",\"contentUrl\":\"https:\\\/\\\/wp.peoplepath.com\\\/tilbayern\\\/wp-content\\\/uploads\\\/2024\\\/05\\\/TiL_Logo_RGB_h80.png\",\"width\":206,\"height\":80,\"caption\":\"Talent im Land\"},\"image\":{\"@id\":\"https:\\\/\\\/tilnetz.talentimland.de\\\/login\\\/#\\\/schema\\\/logo\\\/image\\\/\"}}]}<\/script>\n<!-- \/ Yoast SEO plugin. -->","yoast_head_json":{"title":"Nutzungsbedingungen | Talent im Land","robots":{"index":"noindex","follow":"nofollow"},"og_locale":"de_DE","og_type":"article","og_title":"Nutzungsbedingungen | Talent im Land","og_url":"https:\/\/tilnetz.talentimland.de\/login\/nutzungsbedingungen-bw\/","og_site_name":"Talent im Land","article_modified_time":"2025-01-07T11:29:09+00:00","twitter_card":"summary_large_image","twitter_description":"[xyz-ips snippet=\"iw-header\"]","twitter_misc":{"Gesch\u00e4tzte Lesezeit":"2\u00a0Minuten"},"schema":{"@context":"https:\/\/schema.org","@graph":[{"@type":"WebPage","@id":"https:\/\/tilnetz.talentimland.de\/login\/nutzungsbedingungen-bw\/","url":"https:\/\/tilnetz.talentimland.de\/login\/nutzungsbedingungen-bw\/","name":"Nutzungsbedingungen | Talent im Land","isPartOf":{"@id":"https:\/\/tilnetz.talentimland.de\/login\/#website"},"datePublished":"2020-02-06T12:59:51+00:00","dateModified":"2025-01-07T11:29:09+00:00","breadcrumb":{"@id":"https:\/\/tilnetz.talentimland.de\/login\/nutzungsbedingungen-bw\/#breadcrumb"},"inLanguage":"de","potentialAction":[{"@type":"ReadAction","target":["https:\/\/tilnetz.talentimland.de\/login\/nutzungsbedingungen-bw\/"]}]},{"@type":"BreadcrumbList","@id":"https:\/\/tilnetz.talentimland.de\/login\/nutzungsbedingungen-bw\/#breadcrumb","itemListElement":[{"@type":"ListItem","position":1,"name":"Home","item":"https:\/\/tilnetz.talentimland.de\/login\/"},{"@type":"ListItem","position":2,"name":"Nutzungsbedingungen BW"}]},{"@type":"WebSite","@id":"https:\/\/tilnetz.talentimland.de\/login\/#website","url":"https:\/\/tilnetz.talentimland.de\/login\/","name":"Talent im Land","description":"","publisher":{"@id":"https:\/\/tilnetz.talentimland.de\/login\/#organization"},"potentialAction":[{"@type":"SearchAction","target":{"@type":"EntryPoint","urlTemplate":"https:\/\/tilnetz.talentimland.de\/login\/?s={search_term_string}"},"query-input":{"@type":"PropertyValueSpecification","valueRequired":true,"valueName":"search_term_string"}}],"inLanguage":"de"},{"@type":"Organization","@id":"https:\/\/tilnetz.talentimland.de\/login\/#organization","name":"Talent im Land","url":"https:\/\/tilnetz.talentimland.de\/login\/","logo":{"@type":"ImageObject","inLanguage":"de","@id":"https:\/\/tilnetz.talentimland.de\/login\/#\/schema\/logo\/image\/","url":"https:\/\/wp.peoplepath.com\/tilbayern\/wp-content\/uploads\/2024\/05\/TiL_Logo_RGB_h80.png","contentUrl":"https:\/\/wp.peoplepath.com\/tilbayern\/wp-content\/uploads\/2024\/05\/TiL_Logo_RGB_h80.png","width":206,"height":80,"caption":"Talent im Land"},"image":{"@id":"https:\/\/tilnetz.talentimland.de\/login\/#\/schema\/logo\/image\/"}}]}},"_links":{"self":[{"href":"https:\/\/tilnetz.talentimland.de\/login\/wp-json\/wp\/v2\/pages\/262","targetHints":{"allow":["GET"]}}],"collection":[{"href":"https:\/\/tilnetz.talentimland.de\/login\/wp-json\/wp\/v2\/pages"}],"about":[{"href":"https:\/\/tilnetz.talentimland.de\/login\/wp-json\/wp\/v2\/types\/page"}],"author":[{"embeddable":true,"href":"https:\/\/tilnetz.talentimland.de\/login\/wp-json\/wp\/v2\/users\/1"}],"replies":[{"embeddable":true,"href":"https:\/\/tilnetz.talentimland.de\/login\/wp-json\/wp\/v2\/comments?post=262"}],"version-history":[{"count":10,"href":"https:\/\/tilnetz.talentimland.de\/login\/wp-json\/wp\/v2\/pages\/262\/revisions"}],"predecessor-version":[{"id":2012,"href":"https:\/\/tilnetz.talentimland.de\/login\/wp-json\/wp\/v2\/pages\/262\/revisions\/2012"}],"wp:attachment":[{"href":"https:\/\/tilnetz.talentimland.de\/login\/wp-json\/wp\/v2\/media?parent=262"}],"curies":[{"name":"wp","href":"https:\/\/api.w.org\/{rel}","templated":true}]}}