{"id":272,"date":"2020-02-06T12:59:51","date_gmt":"2020-02-06T12:59:51","guid":{"rendered":"https:\/\/ext-us.intraworlds.com\/installer-co\/?page_id=272"},"modified":"2025-05-07T11:12:21","modified_gmt":"2025-05-07T10:12:21","slug":"impressum-bw","status":"publish","type":"page","link":"https:\/\/tilnetz.talentimland.de\/login\/impressum-bw\/","title":{"rendered":"Impressum BW"},"content":{"rendered":"<p>[et_pb_section fb_built=&#8220;1&#8243; fullwidth=&#8220;on&#8220; admin_label=&#8220;Section&#8220; module_class=&#8220;iw-header&#8220; _builder_version=&#8220;4.16&#8243; global_colors_info=&#8220;{}&#8220;][et_pb_fullwidth_code module_class=&#8220;iw-header-content&#8220; _builder_version=&#8220;4.16&#8243; global_colors_info=&#8220;{}&#8220;][\/et_pb_fullwidth_code][\/et_pb_section][et_pb_section fb_built=&#8220;1&#8243; _builder_version=&#8220;4.16&#8243; global_colors_info=&#8220;{}&#8220;][et_pb_row _builder_version=&#8220;4.16&#8243; global_colors_info=&#8220;{}&#8220;][et_pb_column type=&#8220;4_4&#8243; _builder_version=&#8220;4.16&#8243; global_colors_info=&#8220;{}&#8220;][et_pb_code _builder_version=&#8220;4.27.4&#8243; background_enable_color=&#8220;off&#8220; hover_enabled=&#8220;0&#8243; global_colors_info=&#8220;{}&#8220; sticky_enabled=&#8220;0&#8243;]<\/p>\n<h1>Impressum<\/h1>\n<p><!-- [et_pb_line_break_holder] --><!-- [et_pb_line_break_holder] --><pee class=MsoNormal><b>Talent im Land. Das Sch\u00fclerstipendium f\u00fcr faire<!-- [et_pb_line_break_holder] -->Bildungschancen<\/b><\/pee><!-- [et_pb_line_break_holder] --><!-- [et_pb_line_break_holder] --><pee class=MsoNormal>Ein Programm der\u00a0Baden-W\u00fcrttemberg Stiftung und der<!-- [et_pb_line_break_holder] -->Josef Wund Stiftung<\/pee><!-- [et_pb_line_break_holder] --><!-- [et_pb_line_break_holder] --><pee class=MsoNormal><b>Herausgeber:<\/b><\/pee><!-- [et_pb_line_break_holder] --><!-- [et_pb_line_break_holder] --><pee class=MsoNormal>TiL-B\u00fcro<!\u2013- [et_pb_br_holder] -\u2013><!-- [et_pb_line_break_holder] -->Andreas Germann<!\u2013- [et_pb_br_holder] -\u2013><!-- [et_pb_line_break_holder] -->Universit\u00e4t T\u00fcbingen<!\u2013- [et_pb_br_holder] -\u2013><!-- [et_pb_line_break_holder] -->M\u00fcnzgasse 28<!\u2013- [et_pb_br_holder] -\u2013><!-- [et_pb_line_break_holder] -->72070 T\u00fcbingen<!\u2013- [et_pb_br_holder] -\u2013><!-- [et_pb_line_break_holder] -->Fon: +49 7071-29-74382<!\u2013- [et_pb_br_holder] -\u2013><!-- [et_pb_line_break_holder] -->Fax: +49 7071-29-5193<!\u2013- [et_pb_br_holder] -\u2013><!-- [et_pb_line_break_holder] -->info@talentimland.de<\/pee><!-- [et_pb_line_break_holder] --><!-- [et_pb_line_break_holder] --><pee class=MsoNormal><!\u2013- [et_pb_br_holder] -\u2013><!-- [et_pb_line_break_holder] --><b>Tr\u00e4ger des Programms:<\/b><\/pee><!-- [et_pb_line_break_holder] --><!-- [et_pb_line_break_holder] --><pee class=MsoNormal><b>Baden-W\u00fcrttemberg Stiftung gGmbH<\/b><!\u2013- [et_pb_br_holder] -\u2013><!-- [et_pb_line_break_holder] -->Kriegsbergstr 42<!\u2013- [et_pb_br_holder] -\u2013><!-- [et_pb_line_break_holder] -->70174 Stuttgart<!\u2013- [et_pb_br_holder] -\u2013><!-- [et_pb_line_break_holder] -->Fon +49 711-248476-0<!\u2013- [et_pb_br_holder] -\u2013><!-- [et_pb_line_break_holder] -->Fax +49 711-248476-50<!\u2013- [et_pb_br_holder] -\u2013><!-- [et_pb_line_break_holder] -->info@bwstiftung.de<!\u2013- [et_pb_br_holder] -\u2013><!-- [et_pb_line_break_holder] -->www.bwstiftung.de<\/pee><!-- [et_pb_line_break_holder] --><!-- [et_pb_line_break_holder] --><pee class=MsoNormal>Vertretungsberechtigte Gesch\u00e4ftsf\u00fchrung: Theresia Bauer (Gesch\u00e4ftsf\u00fchrerin), Annekatrin Schmidt-Liedl (stv. Gesch\u00e4ftsf\u00fchrerin), Birgit Pfitzenmaier (stv. Gesch\u00e4ftsf\u00fchrerin im Projektbereich, Prokuristin), Dr. Caroline Liepert (Prokuristin) und Anne Marie Kruse (Prokuristin)<\/pee><!-- [et_pb_line_break_holder] --><!-- [et_pb_line_break_holder] --><pee class=MsoNormal>Gesellschafter:<!\u2013- [et_pb_br_holder] -\u2013><!-- [et_pb_line_break_holder] -->Land Baden-W\u00fcrttemberg<\/pee><!-- [et_pb_line_break_holder] --><!-- [et_pb_line_break_holder] --><pee class=MsoNormal>Handelsregistereintrag: Amtsgericht Stuttgart HRB 10775<\/pee><!-- [et_pb_line_break_holder] --><!-- [et_pb_line_break_holder] --><pee class=MsoNormal><!\u2013- [et_pb_br_holder] -\u2013><!-- [et_pb_line_break_holder] --><b>Josef Wund Stiftung gGmbH<\/b><!\u2013- [et_pb_br_holder] -\u2013><!-- [et_pb_line_break_holder] -->K\u00f6nigstra\u00dfe 26<!\u2013- [et_pb_br_holder] -\u2013><!-- [et_pb_line_break_holder] -->70173 Stuttgart<!\u2013- [et_pb_br_holder] -\u2013><!-- [et_pb_line_break_holder] -->Fon +49 711-1856-7166<!\u2013- [et_pb_br_holder] -\u2013><!-- [et_pb_line_break_holder] -->info@jw-stiftung.org<!\u2013- [et_pb_br_holder] -\u2013><!-- [et_pb_line_break_holder] -->www.jw-stiftung.de<\/pee><!-- [et_pb_line_break_holder] --><!-- [et_pb_line_break_holder] --><pee class=MsoNormal>Vertretungsberechtigter\u00a0Gesch\u00e4ftsf\u00fchrer:<!\u2013- [et_pb_br_holder] -\u2013><!-- [et_pb_line_break_holder] -->Christoph Palm<\/pee><!-- [et_pb_line_break_holder] --><!-- [et_pb_line_break_holder] --><pee class=MsoNormal>Handelsregistereintrag: Registergericht Stuttgart HRB 760987<\/pee><!-- [et_pb_line_break_holder] --><!-- [et_pb_line_break_holder] --><pee class=MsoNormal><!\u2013- [et_pb_br_holder] -\u2013><!-- [et_pb_line_break_holder] --><b>Haftungshinweise:<\/b><!\u2013- [et_pb_br_holder] -\u2013><!-- [et_pb_line_break_holder] -->Wir sind bem\u00fcht, auf unserer Website stets richtige und aktuelle Informationen<!-- [et_pb_line_break_holder] -->bereitzustellen und \u00e4ndern oder erg\u00e4nzen diese bei Bedarf laufend und ohne<!-- [et_pb_line_break_holder] -->vorherige Ank\u00fcndigung. Dennoch k\u00f6nnen wir f\u00fcr Korrektheit, Aktualit\u00e4t und<!-- [et_pb_line_break_holder] -->Vollst\u00e4ndigkeit keine Haftung \u00fcbernehmen.<!\u2013- [et_pb_br_holder] -\u2013><!-- [et_pb_line_break_holder] -->Trotz sorgf\u00e4ltiger inhaltlicher Kontrolle \u00fcbernehmen wir ebenfalls keine<!-- [et_pb_line_break_holder] -->Haftung f\u00fcr die Inhalte externer Links. F\u00fcr den Inhalt, die Gestaltung und die<!-- [et_pb_line_break_holder] -->Einhaltung der Datenschutzbestimmungen auf diesen externen Webseiten sind<!-- [et_pb_line_break_holder] -->ausschlie\u00dflich deren Betreiber verantwortlich.<\/pee><!-- [et_pb_line_break_holder] --><!-- [et_pb_line_break_holder] --><pee class=MsoNormal><!\u2013- [et_pb_br_holder] -\u2013><!-- [et_pb_line_break_holder] --><b>Urheberrecht:<\/b><!\u2013- [et_pb_br_holder] -\u2013><!-- [et_pb_line_break_holder] -->Unsere Website einschlie\u00dflich aller ihrer Teile wie Texte und Bilder ist<!-- [et_pb_line_break_holder] -->urheberrechtlich gesch\u00fctzt. Jede Verwendung au\u00dferhalb der engen Grenzen des<!-- [et_pb_line_break_holder] -->Urheberrechtsgesetzes ist ohne Zustimmung unzul\u00e4ssig. Eine entgeltliche<!-- [et_pb_line_break_holder] -->Weitergabe der Inhalte der Website an Dritte ist nicht gestattet.<\/pee><!-- [et_pb_line_break_holder] --><!-- [et_pb_line_break_holder] --><pee class=MsoNormal><!\u2013- [et_pb_br_holder] -\u2013><!-- [et_pb_line_break_holder] --><b>Datenschutz:<\/b><!\u2013- [et_pb_br_holder] -\u2013><!-- [et_pb_line_break_holder] -->Zum Datenschutz verweisen wir auf die\u00a0<a<!-- [et_pb_line_break_holder] -->href=&#8220;https:\/\/tilnetz.talentimland.de\/login\/datenschutz-bw\/&#8220; target=&#8220;_self&#8220;>Datenschutzbestimmungen<\/a>.\u00a0<\/pee><!-- [et_pb_line_break_holder] --><!-- [et_pb_line_break_holder] --><pee class=MsoNormal><!\u2013- [et_pb_br_holder] -\u2013><!-- [et_pb_line_break_holder] --><b>Geschlechtersensible Sprache:<\/b><!\u2013- [et_pb_br_holder] -\u2013><!-- [et_pb_line_break_holder] -->Zugunsten einer besseren Verst\u00e4ndlichkeit kann es vorkommen, dass in einigen<!-- [et_pb_line_break_holder] -->Texten dieser Website teilweise auf die weibliche bzw. m\u00e4nnliche Sprachform<!-- [et_pb_line_break_holder] -->verzichtet oder eine geschlechtsneutrale Formulierung gew\u00e4hlt wurde.\u00a0In<!-- [et_pb_line_break_holder] -->unserer Kommunikation sind ausdr\u00fccklich alle Geschlechter gleicherma\u00dfen<!-- [et_pb_line_break_holder] -->gemeint.<\/pee>[\/et_pb_code][\/et_pb_column][\/et_pb_row][\/et_pb_section]<\/p>\n","protected":false},"excerpt":{"rendered":"\n","protected":false},"author":1,"featured_media":0,"parent":0,"menu_order":0,"comment_status":"closed","ping_status":"closed","template":"","meta":{"_et_pb_use_builder":"on","_et_pb_old_content":"","_et_gb_content_width":"","inline_featured_image":false,"footnotes":""},"class_list":["post-272","page","type-page","status-publish","hentry"],"yoast_head":"<!-- This site is optimized with the Yoast SEO plugin v27.5 - https:\/\/yoast.com\/product\/yoast-seo-wordpress\/ -->\n<title>Impressum | Talent im Land Baden-W\u00fcrttemberg<\/title>\n<meta name=\"robots\" content=\"noindex, follow, max-snippet:-1, max-image-preview:large, max-video-preview:-1\" \/>\n<meta property=\"og:locale\" content=\"de_DE\" \/>\n<meta property=\"og:type\" content=\"article\" \/>\n<meta property=\"og:title\" content=\"Impressum | Talent im Land Baden-W\u00fcrttemberg\" \/>\n<meta property=\"og:url\" content=\"https:\/\/tilnetz.talentimland.de\/login\/impressum-bw\/\" \/>\n<meta property=\"og:site_name\" content=\"Talent im Land\" \/>\n<meta property=\"article:modified_time\" content=\"2025-05-07T10:12:21+00:00\" \/>\n<meta name=\"twitter:card\" content=\"summary_large_image\" \/>\n<meta name=\"twitter:description\" content=\"[xyz-ips snippet=&quot;iw-header&quot;]\" \/>\n<meta name=\"twitter:label1\" content=\"Gesch\u00e4tzte Lesezeit\" \/>\n\t<meta name=\"twitter:data1\" content=\"2\u00a0Minuten\" \/>\n<script type=\"application\/ld+json\" class=\"yoast-schema-graph\">{\"@context\":\"https:\\\/\\\/schema.org\",\"@graph\":[{\"@type\":\"WebPage\",\"@id\":\"https:\\\/\\\/tilnetz.talentimland.de\\\/login\\\/impressum-bw\\\/\",\"url\":\"https:\\\/\\\/tilnetz.talentimland.de\\\/login\\\/impressum-bw\\\/\",\"name\":\"Impressum | Talent im Land Baden-W\u00fcrttemberg\",\"isPartOf\":{\"@id\":\"https:\\\/\\\/tilnetz.talentimland.de\\\/login\\\/#website\"},\"datePublished\":\"2020-02-06T12:59:51+00:00\",\"dateModified\":\"2025-05-07T10:12:21+00:00\",\"breadcrumb\":{\"@id\":\"https:\\\/\\\/tilnetz.talentimland.de\\\/login\\\/impressum-bw\\\/#breadcrumb\"},\"inLanguage\":\"de\",\"potentialAction\":[{\"@type\":\"ReadAction\",\"target\":[\"https:\\\/\\\/tilnetz.talentimland.de\\\/login\\\/impressum-bw\\\/\"]}]},{\"@type\":\"BreadcrumbList\",\"@id\":\"https:\\\/\\\/tilnetz.talentimland.de\\\/login\\\/impressum-bw\\\/#breadcrumb\",\"itemListElement\":[{\"@type\":\"ListItem\",\"position\":1,\"name\":\"Home\",\"item\":\"https:\\\/\\\/tilnetz.talentimland.de\\\/login\\\/\"},{\"@type\":\"ListItem\",\"position\":2,\"name\":\"Impressum BW\"}]},{\"@type\":\"WebSite\",\"@id\":\"https:\\\/\\\/tilnetz.talentimland.de\\\/login\\\/#website\",\"url\":\"https:\\\/\\\/tilnetz.talentimland.de\\\/login\\\/\",\"name\":\"Talent im Land\",\"description\":\"\",\"publisher\":{\"@id\":\"https:\\\/\\\/tilnetz.talentimland.de\\\/login\\\/#organization\"},\"potentialAction\":[{\"@type\":\"SearchAction\",\"target\":{\"@type\":\"EntryPoint\",\"urlTemplate\":\"https:\\\/\\\/tilnetz.talentimland.de\\\/login\\\/?s={search_term_string}\"},\"query-input\":{\"@type\":\"PropertyValueSpecification\",\"valueRequired\":true,\"valueName\":\"search_term_string\"}}],\"inLanguage\":\"de\"},{\"@type\":\"Organization\",\"@id\":\"https:\\\/\\\/tilnetz.talentimland.de\\\/login\\\/#organization\",\"name\":\"Talent im Land\",\"url\":\"https:\\\/\\\/tilnetz.talentimland.de\\\/login\\\/\",\"logo\":{\"@type\":\"ImageObject\",\"inLanguage\":\"de\",\"@id\":\"https:\\\/\\\/tilnetz.talentimland.de\\\/login\\\/#\\\/schema\\\/logo\\\/image\\\/\",\"url\":\"https:\\\/\\\/wp.peoplepath.com\\\/tilbayern\\\/wp-content\\\/uploads\\\/2024\\\/05\\\/TiL_Logo_RGB_h80.png\",\"contentUrl\":\"https:\\\/\\\/wp.peoplepath.com\\\/tilbayern\\\/wp-content\\\/uploads\\\/2024\\\/05\\\/TiL_Logo_RGB_h80.png\",\"width\":206,\"height\":80,\"caption\":\"Talent im Land\"},\"image\":{\"@id\":\"https:\\\/\\\/tilnetz.talentimland.de\\\/login\\\/#\\\/schema\\\/logo\\\/image\\\/\"}}]}<\/script>\n<!-- \/ Yoast SEO plugin. -->","yoast_head_json":{"title":"Impressum | Talent im Land Baden-W\u00fcrttemberg","robots":{"index":"noindex","follow":"follow","max-snippet":"max-snippet:-1","max-image-preview":"max-image-preview:large","max-video-preview":"max-video-preview:-1"},"og_locale":"de_DE","og_type":"article","og_title":"Impressum | Talent im Land Baden-W\u00fcrttemberg","og_url":"https:\/\/tilnetz.talentimland.de\/login\/impressum-bw\/","og_site_name":"Talent im Land","article_modified_time":"2025-05-07T10:12:21+00:00","twitter_card":"summary_large_image","twitter_description":"[xyz-ips snippet=\"iw-header\"]","twitter_misc":{"Gesch\u00e4tzte Lesezeit":"2\u00a0Minuten"},"schema":{"@context":"https:\/\/schema.org","@graph":[{"@type":"WebPage","@id":"https:\/\/tilnetz.talentimland.de\/login\/impressum-bw\/","url":"https:\/\/tilnetz.talentimland.de\/login\/impressum-bw\/","name":"Impressum | Talent im Land Baden-W\u00fcrttemberg","isPartOf":{"@id":"https:\/\/tilnetz.talentimland.de\/login\/#website"},"datePublished":"2020-02-06T12:59:51+00:00","dateModified":"2025-05-07T10:12:21+00:00","breadcrumb":{"@id":"https:\/\/tilnetz.talentimland.de\/login\/impressum-bw\/#breadcrumb"},"inLanguage":"de","potentialAction":[{"@type":"ReadAction","target":["https:\/\/tilnetz.talentimland.de\/login\/impressum-bw\/"]}]},{"@type":"BreadcrumbList","@id":"https:\/\/tilnetz.talentimland.de\/login\/impressum-bw\/#breadcrumb","itemListElement":[{"@type":"ListItem","position":1,"name":"Home","item":"https:\/\/tilnetz.talentimland.de\/login\/"},{"@type":"ListItem","position":2,"name":"Impressum BW"}]},{"@type":"WebSite","@id":"https:\/\/tilnetz.talentimland.de\/login\/#website","url":"https:\/\/tilnetz.talentimland.de\/login\/","name":"Talent im Land","description":"","publisher":{"@id":"https:\/\/tilnetz.talentimland.de\/login\/#organization"},"potentialAction":[{"@type":"SearchAction","target":{"@type":"EntryPoint","urlTemplate":"https:\/\/tilnetz.talentimland.de\/login\/?s={search_term_string}"},"query-input":{"@type":"PropertyValueSpecification","valueRequired":true,"valueName":"search_term_string"}}],"inLanguage":"de"},{"@type":"Organization","@id":"https:\/\/tilnetz.talentimland.de\/login\/#organization","name":"Talent im Land","url":"https:\/\/tilnetz.talentimland.de\/login\/","logo":{"@type":"ImageObject","inLanguage":"de","@id":"https:\/\/tilnetz.talentimland.de\/login\/#\/schema\/logo\/image\/","url":"https:\/\/wp.peoplepath.com\/tilbayern\/wp-content\/uploads\/2024\/05\/TiL_Logo_RGB_h80.png","contentUrl":"https:\/\/wp.peoplepath.com\/tilbayern\/wp-content\/uploads\/2024\/05\/TiL_Logo_RGB_h80.png","width":206,"height":80,"caption":"Talent im Land"},"image":{"@id":"https:\/\/tilnetz.talentimland.de\/login\/#\/schema\/logo\/image\/"}}]}},"_links":{"self":[{"href":"https:\/\/tilnetz.talentimland.de\/login\/wp-json\/wp\/v2\/pages\/272","targetHints":{"allow":["GET"]}}],"collection":[{"href":"https:\/\/tilnetz.talentimland.de\/login\/wp-json\/wp\/v2\/pages"}],"about":[{"href":"https:\/\/tilnetz.talentimland.de\/login\/wp-json\/wp\/v2\/types\/page"}],"author":[{"embeddable":true,"href":"https:\/\/tilnetz.talentimland.de\/login\/wp-json\/wp\/v2\/users\/1"}],"replies":[{"embeddable":true,"href":"https:\/\/tilnetz.talentimland.de\/login\/wp-json\/wp\/v2\/comments?post=272"}],"version-history":[{"count":10,"href":"https:\/\/tilnetz.talentimland.de\/login\/wp-json\/wp\/v2\/pages\/272\/revisions"}],"predecessor-version":[{"id":2134,"href":"https:\/\/tilnetz.talentimland.de\/login\/wp-json\/wp\/v2\/pages\/272\/revisions\/2134"}],"wp:attachment":[{"href":"https:\/\/tilnetz.talentimland.de\/login\/wp-json\/wp\/v2\/media?parent=272"}],"curies":[{"name":"wp","href":"https:\/\/api.w.org\/{rel}","templated":true}]}}